{"id":394,"date":"2020-11-02T15:15:02","date_gmt":"2020-11-02T20:15:02","guid":{"rendered":"https:\/\/www.vpnadept.com\/?post_type=product&#038;p=394"},"modified":"2025-02-14T16:15:01","modified_gmt":"2025-02-14T21:15:01","slug":"nordvpn","status":"publish","type":"product","link":"https:\/\/www.vpnadept.com\/es\/opiniones\/nordvpn\/","title":{"rendered":"NordVPN"},"content":{"rendered":"<p>NordVPN fue fundada en 2012 y constituida bajo la jurisdicci\u00f3n de Panam\u00e1. Hoy en d\u00eda es una popular soluci\u00f3n de seguridad y privacidad en l\u00ednea utilizada por millones de personas en todo el mundo y se ha ganado la confianza tanto de los usuarios de VPN como de los especialistas.<\/p>\n<p>Algunos de los sitios tecnol\u00f3gicos m\u00e1s influyentes de Internet lo reconocen como un proveedor de servicios fiable y <a href=\"https:\/\/www.vpnadept.com\/es\/mejores-vpn\/\">una de las mejores VPN del mercado<\/a>. En esta revisi\u00f3n de NordVPN, encontrar\u00e1s las razones por las que todas estas personas han elegido este servicio y algunas advertencias que debes tener en cuenta antes de decidirte.<\/p>\n<p>Aunque en el pasado tuvieron algunos fallos, la compa\u00f1\u00eda ha mejorado significativamente. En los \u00faltimos a\u00f1os, NordVPN ha elevado sus capacidades de seguridad a un nuevo est\u00e1ndar, a un nivel mucho m\u00e1s alto. Adem\u00e1s, la empresa ha realizado continuamente esfuerzos p\u00fablicos para detectar vulnerabilidades y aumentar constantemente su transparencia.<\/p>","protected":false},"excerpt":{"rendered":"<p>NordVPN fue fundada en 2012 y constituida bajo la jurisdicci\u00f3n de Panam\u00e1. Hoy en d\u00eda es una popular soluci\u00f3n de privacidad y seguridad online utilizada por millones de personas en todo el mundo y se ha ganado la confianza tanto de los usuarios de VPN como de los especialistas. Algunos de los sitios tecnol\u00f3gicos m\u00e1s influyentes de Internet la reconocen como un servicio fiable [...]<\/p>","protected":false},"featured_media":506,"template":"","meta":{"_acf_changed":false,"inline_featured_image":false},"product_brand":[],"product_cat":[22],"product_tag":[],"class_list":{"0":"post-394","1":"product","2":"type-product","3":"status-publish","4":"has-post-thumbnail","6":"product_cat-vpn-provider","8":"first","9":"instock","10":"sale","11":"featured","12":"shipping-taxable","13":"product-type-external"},"acf":{"users_ratings":4.5,"number_of_reviews":"792,162","suitable_for":"","grade_label":"Extraordinary!","recommended_for":"","monthly_visitors":"14,900,000","features_label":"Extraordinary!","features_percentage":"100:Extraordinary!","ease_of_use_label":"Extraordinary!","ease_of_use_percentage":"100:Extraordinary!","pricing_label":"Extraordinary!","pricing_percentage":"100:Extraordinary!","value_label":"Extraordinary!","value_percentage":"100:Extraordinary!"},"_links":{"self":[{"href":"https:\/\/www.vpnadept.com\/es\/wp-json\/wp\/v2\/product\/394","targetHints":{"allow":["GET"]}}],"collection":[{"href":"https:\/\/www.vpnadept.com\/es\/wp-json\/wp\/v2\/product"}],"about":[{"href":"https:\/\/www.vpnadept.com\/es\/wp-json\/wp\/v2\/types\/product"}],"version-history":[{"count":1,"href":"https:\/\/www.vpnadept.com\/es\/wp-json\/wp\/v2\/product\/394\/revisions"}],"predecessor-version":[{"id":7373,"href":"https:\/\/www.vpnadept.com\/es\/wp-json\/wp\/v2\/product\/394\/revisions\/7373"}],"wp:featuredmedia":[{"embeddable":true,"href":"https:\/\/www.vpnadept.com\/es\/wp-json\/wp\/v2\/media\/506"}],"wp:attachment":[{"href":"https:\/\/www.vpnadept.com\/es\/wp-json\/wp\/v2\/media?parent=394"}],"wp:term":[{"taxonomy":"product_brand","embeddable":true,"href":"https:\/\/www.vpnadept.com\/es\/wp-json\/wp\/v2\/product_brand?post=394"},{"taxonomy":"product_cat","embeddable":true,"href":"https:\/\/www.vpnadept.com\/es\/wp-json\/wp\/v2\/product_cat?post=394"},{"taxonomy":"product_tag","embeddable":true,"href":"https:\/\/www.vpnadept.com\/es\/wp-json\/wp\/v2\/product_tag?post=394"}],"curies":[{"name":"wp","href":"https:\/\/api.w.org\/{rel}","templated":true}]}}