{"id":399,"date":"2020-11-02T15:09:21","date_gmt":"2020-11-02T20:09:21","guid":{"rendered":"https:\/\/www.vpnadept.com\/?post_type=product&#038;p=399"},"modified":"2026-02-05T08:21:02","modified_gmt":"2026-02-05T13:21:02","slug":"expressvpn","status":"publish","type":"product","link":"https:\/\/www.vpnadept.com\/es\/opiniones\/expressvpn\/","title":{"rendered":"ExpressVPN"},"content":{"rendered":"<p>ExpressVPN se fund\u00f3 en 2009 y ha crecido exponencialmente en la \u00faltima d\u00e9cada. Es uno de los mayores proveedores de servicios VPN del mundo, con millones de usuarios. Con sede en las Islas V\u00edrgenes Brit\u00e1nicas, la empresa se declara defensora de la libertad y la privacidad en Internet, <a href=\"https:\/\/www.expressvpn.com\/press\" target=\"_blank\" rel=\"noopener nofollow noreferrer\">apoyar a las organizaciones que luchan por los derechos digitales<\/a>. En esta rese\u00f1a de ExpressVPN, ver\u00e1s este servicio de VPN en detalle, incluyendo no s\u00f3lo sus beneficios sino tambi\u00e9n algunas cuestiones que debes tener en cuenta al elegir esta famosa marca.<\/p>","protected":false},"excerpt":{"rendered":"<p>ExpressVPN se fund\u00f3 en 2009 y ha crecido exponencialmente en la \u00faltima d\u00e9cada. Es uno de los mayores proveedores de servicios VPN del mundo, con millones de usuarios. Con sede en las Islas V\u00edrgenes Brit\u00e1nicas, la empresa se declara defensora de la libertad y la privacidad en Internet, y apoya a organizaciones que luchan por los derechos digitales. En esta revisi\u00f3n de ExpressVPN, [...]<\/p>","protected":false},"featured_media":1804,"template":"","meta":{"_acf_changed":false,"inline_featured_image":false},"product_brand":[],"product_cat":[22],"product_tag":[],"class_list":{"0":"post-399","1":"product","2":"type-product","3":"status-publish","4":"has-post-thumbnail","6":"product_cat-vpn-provider","8":"first","9":"instock","10":"sale","11":"featured","12":"shipping-taxable","13":"product-type-external"},"acf":{"users_ratings":4.4,"number_of_reviews":"388,902","suitable_for":"","grade_label":"Extraordinary!","recommended_for":"","monthly_visitors":"10,400,000","features_label":"Extraordinary!","features_percentage":"100:Extraordinary!","ease_of_use_label":"Extraordinary!","ease_of_use_percentage":"100:Extraordinary!","pricing_label":"Extraordinary!","pricing_percentage":"100:Extraordinary!","value_label":"Extraordinary!","value_percentage":"100:Extraordinary!"},"_links":{"self":[{"href":"https:\/\/www.vpnadept.com\/es\/wp-json\/wp\/v2\/product\/399","targetHints":{"allow":["GET"]}}],"collection":[{"href":"https:\/\/www.vpnadept.com\/es\/wp-json\/wp\/v2\/product"}],"about":[{"href":"https:\/\/www.vpnadept.com\/es\/wp-json\/wp\/v2\/types\/product"}],"version-history":[{"count":2,"href":"https:\/\/www.vpnadept.com\/es\/wp-json\/wp\/v2\/product\/399\/revisions"}],"predecessor-version":[{"id":7391,"href":"https:\/\/www.vpnadept.com\/es\/wp-json\/wp\/v2\/product\/399\/revisions\/7391"}],"wp:featuredmedia":[{"embeddable":true,"href":"https:\/\/www.vpnadept.com\/es\/wp-json\/wp\/v2\/media\/1804"}],"wp:attachment":[{"href":"https:\/\/www.vpnadept.com\/es\/wp-json\/wp\/v2\/media?parent=399"}],"wp:term":[{"taxonomy":"product_brand","embeddable":true,"href":"https:\/\/www.vpnadept.com\/es\/wp-json\/wp\/v2\/product_brand?post=399"},{"taxonomy":"product_cat","embeddable":true,"href":"https:\/\/www.vpnadept.com\/es\/wp-json\/wp\/v2\/product_cat?post=399"},{"taxonomy":"product_tag","embeddable":true,"href":"https:\/\/www.vpnadept.com\/es\/wp-json\/wp\/v2\/product_tag?post=399"}],"curies":[{"name":"wp","href":"https:\/\/api.w.org\/{rel}","templated":true}]}}