{"id":401,"date":"2020-11-02T16:13:28","date_gmt":"2020-11-02T21:13:28","guid":{"rendered":"https:\/\/www.vpnadept.com\/?post_type=product&#038;p=401"},"modified":"2025-02-14T16:21:52","modified_gmt":"2025-02-14T21:21:52","slug":"surfshark","status":"publish","type":"product","link":"https:\/\/www.vpnadept.com\/es\/opiniones\/surfshark\/","title":{"rendered":"Surfshark"},"content":{"rendered":"<p>Surfshark es un novato en el mercado de las VPN. Fundada en 2018, la empresa traslad\u00f3 su sede a los Pa\u00edses Bajos, una jurisdicci\u00f3n excelente en cuestiones de privacidad. Se ha convertido r\u00e1pidamente en una marca de moda en los \u00faltimos a\u00f1os. Desde su lanzamiento, este depredador ha agitado las aguas del mar VPN con un vasto conjunto de caracter\u00edsticas, que ver\u00e1s en detalle en esta revisi\u00f3n de Surfshark VPN.<\/p>\n<p>La empresa matriz de Surfshark se ha fusionado recientemente con Nord Security, que tambi\u00e9n es propietaria de <a href=\"https:\/\/www.vpnadept.com\/es\/opiniones\/nordvpn\/\">NordVPN<\/a>, uno de los l\u00edderes del mercado.<\/p>\n<p>Dispositivos conectados simult\u00e1neamente de forma ilimitada, una pl\u00e9tora de funcionalidades y planes de precios competitivos: Surfshark VPN lo tiene todo. El tibur\u00f3n est\u00e1 marcando su territorio con un paquete que incluye cualidades de proveedores de VPN m\u00e1s establecidos y elementos raramente vistos juntos en otros servicios.<\/p>","protected":false},"excerpt":{"rendered":"<p>Surfshark es un novato en el mercado de las VPN. Fundada en 2018, la empresa traslad\u00f3 su sede a los Pa\u00edses Bajos, una jurisdicci\u00f3n excelente en cuestiones de privacidad. Se ha convertido r\u00e1pidamente en una marca de moda en los \u00faltimos a\u00f1os. Desde su lanzamiento, este depredador ha agitado las aguas del mar VPN con un vasto conjunto [...]<\/p>","protected":false},"featured_media":504,"template":"","meta":{"_acf_changed":false,"inline_featured_image":false},"product_brand":[],"product_cat":[22],"product_tag":[],"class_list":{"0":"post-401","1":"product","2":"type-product","3":"status-publish","4":"has-post-thumbnail","6":"product_cat-vpn-provider","8":"first","9":"instock","10":"sale","11":"featured","12":"shipping-taxable","13":"product-type-external"},"acf":{"users_ratings":4.1,"number_of_reviews":"75,227","suitable_for":"","grade_label":"Extraordinary!","recommended_for":"","monthly_visitors":"5,500,000","features_label":"Extraordinary!","features_percentage":"100:Extraordinary!","ease_of_use_label":"Extraordinary!","ease_of_use_percentage":"100:Extraordinary!","pricing_label":"Extraordinary!","pricing_percentage":"100:Extraordinary!","value_label":"Extraordinary!","value_percentage":"100:Extraordinary!"},"_links":{"self":[{"href":"https:\/\/www.vpnadept.com\/es\/wp-json\/wp\/v2\/product\/401","targetHints":{"allow":["GET"]}}],"collection":[{"href":"https:\/\/www.vpnadept.com\/es\/wp-json\/wp\/v2\/product"}],"about":[{"href":"https:\/\/www.vpnadept.com\/es\/wp-json\/wp\/v2\/types\/product"}],"version-history":[{"count":1,"href":"https:\/\/www.vpnadept.com\/es\/wp-json\/wp\/v2\/product\/401\/revisions"}],"predecessor-version":[{"id":7376,"href":"https:\/\/www.vpnadept.com\/es\/wp-json\/wp\/v2\/product\/401\/revisions\/7376"}],"wp:featuredmedia":[{"embeddable":true,"href":"https:\/\/www.vpnadept.com\/es\/wp-json\/wp\/v2\/media\/504"}],"wp:attachment":[{"href":"https:\/\/www.vpnadept.com\/es\/wp-json\/wp\/v2\/media?parent=401"}],"wp:term":[{"taxonomy":"product_brand","embeddable":true,"href":"https:\/\/www.vpnadept.com\/es\/wp-json\/wp\/v2\/product_brand?post=401"},{"taxonomy":"product_cat","embeddable":true,"href":"https:\/\/www.vpnadept.com\/es\/wp-json\/wp\/v2\/product_cat?post=401"},{"taxonomy":"product_tag","embeddable":true,"href":"https:\/\/www.vpnadept.com\/es\/wp-json\/wp\/v2\/product_tag?post=401"}],"curies":[{"name":"wp","href":"https:\/\/api.w.org\/{rel}","templated":true}]}}