{"id":402,"date":"2021-04-24T13:50:02","date_gmt":"2021-04-24T18:50:02","guid":{"rendered":"https:\/\/www.vpnadept.com\/?post_type=product&#038;p=402"},"modified":"2025-02-14T16:23:34","modified_gmt":"2025-02-14T21:23:34","slug":"resena-de-private-internet-access","status":"publish","type":"product","link":"https:\/\/www.vpnadept.com\/es\/opiniones\/resena-de-private-internet-access\/","title":{"rendered":"Private Internet Access"},"content":{"rendered":"<p>Private Internet Access es un servicio VPN veterano en un mercado relativamente joven. La empresa fue fundada en 2010 por Andrew Lee, un desarrollador de software estadounidense. Desde entonces, el servicio ha sufrido cambios significativos.<\/p>\n<p>El lado positivo es que PIA ha renovado su servicio, haciendo crecer la empresa r\u00e1pidamente. Se han producido mejoras en varios frentes, como el tama\u00f1o de la infraestructura, la cobertura geogr\u00e1fica, la tecnolog\u00eda y el marketing.<\/p>\n<p>En los \u00faltimos a\u00f1os, PIA se ha consolidado como una marca conocida y uno de los servicios VPN m\u00e1s s\u00f3lidos del mundo.<\/p>\n<p>Pero tambi\u00e9n hay un lado potencialmente oscuro en esta historia. El reciente cambio de propiedad de la compa\u00f1\u00eda plante\u00f3 algunas preocupaciones sobre la privacidad. En 2019, Private Internet Access fue adquirida por Kape Technologies PLC <a href=\"#ref1\">[1]<\/a>. La empresa de software es la propietaria de\u00a0<a href=\"https:\/\/www.vpnadept.com\/es\/opiniones\/cyberghost\/\">CyberGhost<\/a>, ZenMate, y, m\u00e1s recientemente, <a href=\"https:\/\/www.vpnadept.com\/es\/opiniones\/expressvpn\/\">ExpressVPN<\/a>. As\u00ed, Kape posee ahora tres de los <a href=\"https:\/\/www.vpnadept.com\/es\/servicios-vpn\/\"><a href=\"https:\/\/www.vpnadept.com\/es\/servicios-vpn\/\" target=\"_self\">servicios VPN m\u00e1s populares<\/a><\/a> en todo el mundo. Sin embargo, toda esta tradici\u00f3n en la industria del software no garantiza necesariamente la confianza.<\/p>","protected":false},"excerpt":{"rendered":"<p>Private Internet Access es un servicio VPN veterano en un mercado relativamente joven. La empresa fue fundada en 2010 por Andrew Lee, un desarrollador de software estadounidense. Desde entonces, el servicio ha pasado por cambios significativos. El lado positivo es que PIA ha renovado su servicio, haciendo crecer la empresa r\u00e1pidamente. Las mejoras se han producido en varios frentes, como [...]<\/p>","protected":false},"featured_media":5641,"template":"","meta":{"_acf_changed":false,"inline_featured_image":false},"product_brand":[],"product_cat":[22],"product_tag":[],"class_list":{"0":"post-402","1":"product","2":"type-product","3":"status-publish","4":"has-post-thumbnail","6":"product_cat-vpn-provider","8":"first","9":"instock","10":"sale","11":"shipping-taxable","12":"product-type-external"},"acf":{"users_ratings":4.6,"number_of_reviews":"130,553","suitable_for":"","grade_label":"Extraordinary!","recommended_for":"","monthly_visitors":"2,400,000","features_label":"Extraordinary!","features_percentage":"100:Extraordinary!","ease_of_use_label":"Extraordinary!","ease_of_use_percentage":"100:Extraordinary!","pricing_label":"Extraordinary!","pricing_percentage":"100:Extraordinary!","value_label":"Extraordinary!","value_percentage":"100:Extraordinary!"},"_links":{"self":[{"href":"https:\/\/www.vpnadept.com\/es\/wp-json\/wp\/v2\/product\/402","targetHints":{"allow":["GET"]}}],"collection":[{"href":"https:\/\/www.vpnadept.com\/es\/wp-json\/wp\/v2\/product"}],"about":[{"href":"https:\/\/www.vpnadept.com\/es\/wp-json\/wp\/v2\/types\/product"}],"version-history":[{"count":2,"href":"https:\/\/www.vpnadept.com\/es\/wp-json\/wp\/v2\/product\/402\/revisions"}],"predecessor-version":[{"id":7377,"href":"https:\/\/www.vpnadept.com\/es\/wp-json\/wp\/v2\/product\/402\/revisions\/7377"}],"wp:featuredmedia":[{"embeddable":true,"href":"https:\/\/www.vpnadept.com\/es\/wp-json\/wp\/v2\/media\/5641"}],"wp:attachment":[{"href":"https:\/\/www.vpnadept.com\/es\/wp-json\/wp\/v2\/media?parent=402"}],"wp:term":[{"taxonomy":"product_brand","embeddable":true,"href":"https:\/\/www.vpnadept.com\/es\/wp-json\/wp\/v2\/product_brand?post=402"},{"taxonomy":"product_cat","embeddable":true,"href":"https:\/\/www.vpnadept.com\/es\/wp-json\/wp\/v2\/product_cat?post=402"},{"taxonomy":"product_tag","embeddable":true,"href":"https:\/\/www.vpnadept.com\/es\/wp-json\/wp\/v2\/product_tag?post=402"}],"curies":[{"name":"wp","href":"https:\/\/api.w.org\/{rel}","templated":true}]}}