{"id":405,"date":"2020-11-02T16:27:56","date_gmt":"2020-11-02T21:27:56","guid":{"rendered":"https:\/\/www.vpnadept.com\/?post_type=product&#038;p=405"},"modified":"2025-02-14T16:30:38","modified_gmt":"2025-02-14T21:30:38","slug":"vyprvpn","status":"publish","type":"product","link":"https:\/\/www.vpnadept.com\/es\/opiniones\/vyprvpn\/","title":{"rendered":"VyprVPN"},"content":{"rendered":"<p>Golden Frog, la empresa creadora de VyprVPN, tiene una larga tradici\u00f3n en el campo de las tecnolog\u00edas relacionadas con Internet. La defensa de los derechos de los internautas y el activismo por la privacidad en l\u00ednea han sido tambi\u00e9n se\u00f1as de identidad de su posicionamiento desde su fundaci\u00f3n. La sede corporativa est\u00e1 en Suiza, un pa\u00eds cuya jurisdicci\u00f3n es muy favorable a la privacidad.<\/p>\n<p>Hablando del servicio de VyprVPN, el servicio ten\u00eda muchos defectos en el pasado, especialmente cuando se comparaba con VPN mejor equipadas. Sin embargo, la empresa ha desarrollado continuamente el producto y ha realizado mejoras significativas en los \u00faltimos a\u00f1os.<\/p>\n<p>Hoy en d\u00eda, no hay duda de que VyprVPN ha alcanzado un nivel de servicio mucho m\u00e1s alto, acerc\u00e1ndose a lo que ofrecen las mejores VPN del mercado. Es un hecho que hay que celebrar, pero todav\u00eda hay margen de mejora en algunos otros aspectos. Bas\u00e1ndonos en los desarrollos m\u00e1s recientes, esta VPN pronto figurar\u00e1 en el estante superior del mercado en los pr\u00f3ximos a\u00f1os.<\/p>","protected":false},"excerpt":{"rendered":"<p>Golden Frog, the company that created VyprVPN, has a long tradition in internet-related technologies. The defense of Internet users&#8217; rights and online privacy activism have also been hallmarks of its positioning since its foundation. The corporate headquarters is in Switzerland, a country with a favorable jurisdiction towards privacy. Talking about VyprVPN&#8217;s service, the service had [&hellip;]<\/p>","protected":false},"featured_media":500,"template":"","meta":{"_acf_changed":false,"inline_featured_image":false},"product_brand":[],"product_cat":[22],"product_tag":[],"class_list":{"0":"post-405","1":"product","2":"type-product","3":"status-publish","4":"has-post-thumbnail","6":"product_cat-vpn-provider","8":"first","9":"instock","10":"sale","11":"shipping-taxable","12":"product-type-external"},"acf":{"users_ratings":4.3,"number_of_reviews":"67,112","suitable_for":"","grade_label":"Extraordinary!","recommended_for":"","monthly_visitors":"403,300","features_label":"Extraordinary!","features_percentage":"100:Extraordinary!","ease_of_use_label":"Extraordinary!","ease_of_use_percentage":"100:Extraordinary!","pricing_label":"Extraordinary!","pricing_percentage":"100:Extraordinary!","value_label":"Extraordinary!","value_percentage":"100:Extraordinary!"},"_links":{"self":[{"href":"https:\/\/www.vpnadept.com\/es\/wp-json\/wp\/v2\/product\/405","targetHints":{"allow":["GET"]}}],"collection":[{"href":"https:\/\/www.vpnadept.com\/es\/wp-json\/wp\/v2\/product"}],"about":[{"href":"https:\/\/www.vpnadept.com\/es\/wp-json\/wp\/v2\/types\/product"}],"version-history":[{"count":1,"href":"https:\/\/www.vpnadept.com\/es\/wp-json\/wp\/v2\/product\/405\/revisions"}],"predecessor-version":[{"id":7379,"href":"https:\/\/www.vpnadept.com\/es\/wp-json\/wp\/v2\/product\/405\/revisions\/7379"}],"wp:featuredmedia":[{"embeddable":true,"href":"https:\/\/www.vpnadept.com\/es\/wp-json\/wp\/v2\/media\/500"}],"wp:attachment":[{"href":"https:\/\/www.vpnadept.com\/es\/wp-json\/wp\/v2\/media?parent=405"}],"wp:term":[{"taxonomy":"product_brand","embeddable":true,"href":"https:\/\/www.vpnadept.com\/es\/wp-json\/wp\/v2\/product_brand?post=405"},{"taxonomy":"product_cat","embeddable":true,"href":"https:\/\/www.vpnadept.com\/es\/wp-json\/wp\/v2\/product_cat?post=405"},{"taxonomy":"product_tag","embeddable":true,"href":"https:\/\/www.vpnadept.com\/es\/wp-json\/wp\/v2\/product_tag?post=405"}],"curies":[{"name":"wp","href":"https:\/\/api.w.org\/{rel}","templated":true}]}}