{"id":418,"date":"2020-11-02T16:32:36","date_gmt":"2020-11-02T21:32:36","guid":{"rendered":"https:\/\/www.vpnadept.com\/?post_type=product&#038;p=418"},"modified":"2025-02-14T16:32:19","modified_gmt":"2025-02-14T21:32:19","slug":"ipvanish","status":"publish","type":"product","link":"https:\/\/www.vpnadept.com\/es\/opiniones\/ipvanish\/","title":{"rendered":"IPVanish"},"content":{"rendered":"<p>IPVanish es un popular proveedor de VPN, constituido bajo la jurisdicci\u00f3n de Estados Unidos en 2012 por Mudhook Marketing, parte de Highwinds Network Group. Con los a\u00f1os, se convirti\u00f3 en una empresa bien establecida, especialmente en su pa\u00eds de origen. Recientemente, la empresa ha pasado por dos cambios de propiedad. Desde 2019, IPVanish pertenece a J2 Global. <a id=\"fn1\" href=\"#ref1\">[1]<\/a>, una empresa de Net Protection con otras dos VPN, Encrypt.me y StrongVPN.<\/p>\n<p>En conjunto, IPVanish es <a href=\"https:\/\/www.vpnadept.com\/es\/mejores-vpn\/\">un buen servicio de VPN<\/a>. \u00daltimamente ha realizado esfuerzos considerables para consolidar su crecimiento y su posici\u00f3n en el mercado. Sin embargo, dejando a un lado la calidad del servicio (que se analiza con m\u00e1s detalle en esta rese\u00f1a), la empresa debe superar un importante obst\u00e1culo corporativo para recuperar su reputaci\u00f3n y emparejarse con los l\u00edderes.<\/p>\n<p>A pesar de ser un aspecto cr\u00edtico para las empresas VPN, la confianza es algo dif\u00edcil de construir. Y es a\u00fan m\u00e1s dif\u00edcil de recuperar. Autodeclarada como una VPN \"Zero-logs\", la empresa ha contradicho en la pr\u00e1ctica lo que siempre ha defendido (<a href=\"#disclosure\">m\u00e1s detalles<\/a>). El incidente se produjo durante otra administraci\u00f3n, anterior a la adquisici\u00f3n de la empresa. Desde entonces, la actual junta directiva se ha esforzado por demarcar una nueva era para IPVanish.<\/p>","protected":false},"excerpt":{"rendered":"<p>IPVanish es un popular proveedor de VPN, constituido bajo la jurisdicci\u00f3n de Estados Unidos en 2012 por Mudhook Marketing, parte de Highwinds Network Group. Con los a\u00f1os, se convirti\u00f3 en una empresa bien establecida, especialmente en su pa\u00eds de origen. Recientemente, la empresa ha pasado por dos cambios de propiedad. Desde 2019, IPVanish pertenece a J2 Global [1], una Net [...]<\/p>","protected":false},"featured_media":499,"template":"","meta":{"_acf_changed":false,"inline_featured_image":false},"product_brand":[],"product_cat":[22],"product_tag":[],"class_list":{"0":"post-418","1":"product","2":"type-product","3":"status-publish","4":"has-post-thumbnail","6":"product_cat-vpn-provider","8":"first","9":"instock","10":"sale","11":"shipping-taxable","12":"product-type-external"},"acf":{"users_ratings":4.3,"number_of_reviews":"171,112","suitable_for":"","grade_label":"Extraordinary!","recommended_for":"","monthly_visitors":"1,900,000","features_label":"Extraordinary!","features_percentage":"100:Extraordinary!","ease_of_use_label":"Extraordinary!","ease_of_use_percentage":"100:Extraordinary!","pricing_label":"Extraordinary!","pricing_percentage":"100:Extraordinary!","value_label":"Extraordinary!","value_percentage":"100:Extraordinary!"},"_links":{"self":[{"href":"https:\/\/www.vpnadept.com\/es\/wp-json\/wp\/v2\/product\/418","targetHints":{"allow":["GET"]}}],"collection":[{"href":"https:\/\/www.vpnadept.com\/es\/wp-json\/wp\/v2\/product"}],"about":[{"href":"https:\/\/www.vpnadept.com\/es\/wp-json\/wp\/v2\/types\/product"}],"version-history":[{"count":1,"href":"https:\/\/www.vpnadept.com\/es\/wp-json\/wp\/v2\/product\/418\/revisions"}],"predecessor-version":[{"id":7380,"href":"https:\/\/www.vpnadept.com\/es\/wp-json\/wp\/v2\/product\/418\/revisions\/7380"}],"wp:featuredmedia":[{"embeddable":true,"href":"https:\/\/www.vpnadept.com\/es\/wp-json\/wp\/v2\/media\/499"}],"wp:attachment":[{"href":"https:\/\/www.vpnadept.com\/es\/wp-json\/wp\/v2\/media?parent=418"}],"wp:term":[{"taxonomy":"product_brand","embeddable":true,"href":"https:\/\/www.vpnadept.com\/es\/wp-json\/wp\/v2\/product_brand?post=418"},{"taxonomy":"product_cat","embeddable":true,"href":"https:\/\/www.vpnadept.com\/es\/wp-json\/wp\/v2\/product_cat?post=418"},{"taxonomy":"product_tag","embeddable":true,"href":"https:\/\/www.vpnadept.com\/es\/wp-json\/wp\/v2\/product_tag?post=418"}],"curies":[{"name":"wp","href":"https:\/\/api.w.org\/{rel}","templated":true}]}}