{"id":401,"date":"2020-11-02T16:13:28","date_gmt":"2020-11-02T21:13:28","guid":{"rendered":"https:\/\/www.vpnadept.com\/?post_type=product&#038;p=401"},"modified":"2025-02-14T16:21:52","modified_gmt":"2025-02-14T21:21:52","slug":"surfshark-vpn-avaliacao","status":"publish","type":"product","link":"https:\/\/www.vpnadept.com\/pt-br\/analises\/surfshark-vpn-avaliacao\/","title":{"rendered":"Surfshark"},"content":{"rendered":"<p>Surfshark \u00e9 um novato no mercado de VPN. Fundada em 2018, a empresa mudou sua sede para a Holanda, uma excelente jurisdi\u00e7\u00e3o para quest\u00f5es de privacidade. Rapidamente se tornou uma marca da moda nos \u00faltimos anos. Desde seu lan\u00e7amento, este predador tem agitado as \u00e1guas do mar VPN com um vasto conjunto de caracter\u00edsticas, o que voc\u00ea ver\u00e1 em detalhes nesta an\u00e1lise da Surfshark VPN.<\/p>\n<p>A empresa controladora da Surfshark fundiu-se recentemente com a Nord Security, que tamb\u00e9m possui <a href=\"https:\/\/www.vpnadept.com\/pt-br\/analises\/nordvpn-avaliacao\/\">NordVPN<\/a>, um dos l\u00edderes de mercado.<\/p>\n<p>Dispositivos conectados simultaneamente sem limites, uma infinidade de funcionalidades e planos de pre\u00e7os competitivos: Surfshark VPN tem tudo isso. O tubar\u00e3o est\u00e1 marcando seu territ\u00f3rio com um pacote que inclui qualidades de provedores de VPN mais estabelecidos e elementos raramente vistos juntos em outros servi\u00e7os.<\/p>","protected":false},"excerpt":{"rendered":"<p>Surfshark \u00e9 um novato no mercado de VPN. Fundada em 2018, a empresa mudou sua sede para a Holanda, uma excelente jurisdi\u00e7\u00e3o para quest\u00f5es de privacidade. Rapidamente se tornou uma marca da moda nos \u00faltimos anos. Desde seu lan\u00e7amento, este predador tem agitado as \u00e1guas do mar da VPN com um vasto conjunto [...]<\/p>","protected":false},"featured_media":504,"template":"","meta":{"_acf_changed":false,"inline_featured_image":false},"product_brand":[],"product_cat":[22],"product_tag":[],"class_list":{"0":"post-401","1":"product","2":"type-product","3":"status-publish","4":"has-post-thumbnail","6":"product_cat-vpn-provider","8":"first","9":"instock","10":"sale","11":"featured","12":"shipping-taxable","13":"product-type-external"},"acf":{"users_ratings":4.1,"number_of_reviews":"75,227","suitable_for":"","grade_label":"Extraordinary!","recommended_for":"","monthly_visitors":"5,500,000","features_label":"Extraordinary!","features_percentage":"100:Extraordinary!","ease_of_use_label":"Extraordinary!","ease_of_use_percentage":"100:Extraordinary!","pricing_label":"Extraordinary!","pricing_percentage":"100:Extraordinary!","value_label":"Extraordinary!","value_percentage":"100:Extraordinary!"},"_links":{"self":[{"href":"https:\/\/www.vpnadept.com\/pt-br\/wp-json\/wp\/v2\/product\/401","targetHints":{"allow":["GET"]}}],"collection":[{"href":"https:\/\/www.vpnadept.com\/pt-br\/wp-json\/wp\/v2\/product"}],"about":[{"href":"https:\/\/www.vpnadept.com\/pt-br\/wp-json\/wp\/v2\/types\/product"}],"version-history":[{"count":1,"href":"https:\/\/www.vpnadept.com\/pt-br\/wp-json\/wp\/v2\/product\/401\/revisions"}],"predecessor-version":[{"id":7376,"href":"https:\/\/www.vpnadept.com\/pt-br\/wp-json\/wp\/v2\/product\/401\/revisions\/7376"}],"wp:featuredmedia":[{"embeddable":true,"href":"https:\/\/www.vpnadept.com\/pt-br\/wp-json\/wp\/v2\/media\/504"}],"wp:attachment":[{"href":"https:\/\/www.vpnadept.com\/pt-br\/wp-json\/wp\/v2\/media?parent=401"}],"wp:term":[{"taxonomy":"product_brand","embeddable":true,"href":"https:\/\/www.vpnadept.com\/pt-br\/wp-json\/wp\/v2\/product_brand?post=401"},{"taxonomy":"product_cat","embeddable":true,"href":"https:\/\/www.vpnadept.com\/pt-br\/wp-json\/wp\/v2\/product_cat?post=401"},{"taxonomy":"product_tag","embeddable":true,"href":"https:\/\/www.vpnadept.com\/pt-br\/wp-json\/wp\/v2\/product_tag?post=401"}],"curies":[{"name":"wp","href":"https:\/\/api.w.org\/{rel}","templated":true}]}}