{"id":402,"date":"2021-04-24T13:50:02","date_gmt":"2021-04-24T18:50:02","guid":{"rendered":"https:\/\/www.vpnadept.com\/?post_type=product&#038;p=402"},"modified":"2025-02-14T16:23:34","modified_gmt":"2025-02-14T21:23:34","slug":"avaliacao-private-internet-access","status":"publish","type":"product","link":"https:\/\/www.vpnadept.com\/pt-br\/analises\/avaliacao-private-internet-access\/","title":{"rendered":"Private Internet Access"},"content":{"rendered":"<p>Private Internet Access \u00e9 um servi\u00e7o VPN veterano em um mercado relativamente jovem. A empresa foi fundada em 2010 por Andrew Lee, um desenvolvedor de software americano. Desde ent\u00e3o, o servi\u00e7o passou por mudan\u00e7as significativas.<\/p>\n<p>Pelo lado positivo, a PIA reformulou seu servi\u00e7o, fazendo a empresa crescer rapidamente. Houve melhorias em v\u00e1rias frentes, incluindo tamanho da infra-estrutura, cobertura geogr\u00e1fica, tecnologia e marketing.<\/p>\n<p>Nos \u00faltimos anos, a PIA se estabeleceu como uma marca conhecida e um dos servi\u00e7os VPN mais robustos do mundo.<\/p>\n<p>Mas h\u00e1 tamb\u00e9m um lado potencialmente obscuro nesta hist\u00f3ria. A recente mudan\u00e7a de propriedade da empresa levantou algumas preocupa\u00e7\u00f5es quanto \u00e0 privacidade. Em 2019, o Private Internet Access foi adquirido pela Kape Technologies PLC <a href=\"#ref1\">[1]<\/a>. A empresa de software \u00e9 a propriet\u00e1ria de\u00a0<a href=\"https:\/\/www.vpnadept.com\/pt-br\/analises\/cyberghost-vpn-avaliacao\/\">CyberGhost<\/a>ZenMate, e, mais recentemente, <a href=\"https:\/\/www.vpnadept.com\/pt-br\/analises\/expressvpn-avaliacao\/\">ExpressVPN<\/a>. Portanto, a Kape agora possui tr\u00eas dos <a href=\"https:\/\/www.vpnadept.com\/pt-br\/servicos-vpn\/\"><a href=\"https:\/\/www.vpnadept.com\/pt-br\/servicos-vpn\/\" target=\"_self\">servi\u00e7os de VPN mais populares<\/a><\/a> no mundo inteiro. Entretanto, toda esta tradi\u00e7\u00e3o na ind\u00fastria de software n\u00e3o garante necessariamente a confian\u00e7a.<\/p>","protected":false},"excerpt":{"rendered":"<p>O Private Internet Access \u00e9 um servi\u00e7o VPN veterano em um mercado relativamente jovem. A empresa foi fundada em 2010 por Andrew Lee, um desenvolvedor de software americano. Desde ent\u00e3o, o servi\u00e7o passou por mudan\u00e7as significativas. Pelo lado positivo, a PIA reformulou seu servi\u00e7o, fazendo a empresa crescer rapidamente. Houve melhorias em v\u00e1rias frentes, incluindo [...]<\/p>","protected":false},"featured_media":5641,"template":"","meta":{"_acf_changed":false,"inline_featured_image":false},"product_brand":[],"product_cat":[22],"product_tag":[],"class_list":{"0":"post-402","1":"product","2":"type-product","3":"status-publish","4":"has-post-thumbnail","6":"product_cat-vpn-provider","8":"first","9":"instock","10":"sale","11":"shipping-taxable","12":"product-type-external"},"acf":{"users_ratings":4.6,"number_of_reviews":"130,553","suitable_for":"","grade_label":"Extraordinary!","recommended_for":"","monthly_visitors":"2,400,000","features_label":"Extraordinary!","features_percentage":"100:Extraordinary!","ease_of_use_label":"Extraordinary!","ease_of_use_percentage":"100:Extraordinary!","pricing_label":"Extraordinary!","pricing_percentage":"100:Extraordinary!","value_label":"Extraordinary!","value_percentage":"100:Extraordinary!"},"_links":{"self":[{"href":"https:\/\/www.vpnadept.com\/pt-br\/wp-json\/wp\/v2\/product\/402","targetHints":{"allow":["GET"]}}],"collection":[{"href":"https:\/\/www.vpnadept.com\/pt-br\/wp-json\/wp\/v2\/product"}],"about":[{"href":"https:\/\/www.vpnadept.com\/pt-br\/wp-json\/wp\/v2\/types\/product"}],"version-history":[{"count":2,"href":"https:\/\/www.vpnadept.com\/pt-br\/wp-json\/wp\/v2\/product\/402\/revisions"}],"predecessor-version":[{"id":7377,"href":"https:\/\/www.vpnadept.com\/pt-br\/wp-json\/wp\/v2\/product\/402\/revisions\/7377"}],"wp:featuredmedia":[{"embeddable":true,"href":"https:\/\/www.vpnadept.com\/pt-br\/wp-json\/wp\/v2\/media\/5641"}],"wp:attachment":[{"href":"https:\/\/www.vpnadept.com\/pt-br\/wp-json\/wp\/v2\/media?parent=402"}],"wp:term":[{"taxonomy":"product_brand","embeddable":true,"href":"https:\/\/www.vpnadept.com\/pt-br\/wp-json\/wp\/v2\/product_brand?post=402"},{"taxonomy":"product_cat","embeddable":true,"href":"https:\/\/www.vpnadept.com\/pt-br\/wp-json\/wp\/v2\/product_cat?post=402"},{"taxonomy":"product_tag","embeddable":true,"href":"https:\/\/www.vpnadept.com\/pt-br\/wp-json\/wp\/v2\/product_tag?post=402"}],"curies":[{"name":"wp","href":"https:\/\/api.w.org\/{rel}","templated":true}]}}