{"id":403,"date":"2020-11-02T16:23:03","date_gmt":"2020-11-02T21:23:03","guid":{"rendered":"https:\/\/www.vpnadept.com\/?post_type=product&#038;p=403"},"modified":"2025-02-14T16:27:38","modified_gmt":"2025-02-14T21:27:38","slug":"protonvpn-avaliacao","status":"publish","type":"product","link":"https:\/\/www.vpnadept.com\/pt-br\/analises\/protonvpn-avaliacao\/","title":{"rendered":"Proton VPN"},"content":{"rendered":"<div data-elementor-type=\"product-post\" data-elementor-id=\"403\" class=\"elementor elementor-403\" data-elementor-settings=\"{&quot;ha_cmc_init_switcher&quot;:&quot;no&quot;}\" data-elementor-post-type=\"product\">\n\t\t\t\t\t\t<section class=\"elementor-section elementor-top-section elementor-element elementor-element-77e49179 elementor-section-boxed elementor-section-height-default elementor-section-height-default\" data-id=\"77e49179\" data-element_type=\"section\" data-e-type=\"section\" data-settings=\"{&quot;_ha_eqh_enable&quot;:false}\">\n\t\t\t\t\t\t<div class=\"elementor-container elementor-column-gap-default\">\n\t\t\t\t\t<div class=\"elementor-column elementor-col-100 elementor-top-column elementor-element elementor-element-3d3c2cdb\" data-id=\"3d3c2cdb\" data-element_type=\"column\" data-e-type=\"column\">\n\t\t\t<div class=\"elementor-widget-wrap elementor-element-populated\">\n\t\t\t\t\t\t<div class=\"elementor-element elementor-element-7d21b40d elementor-widget elementor-widget-text-editor\" data-id=\"7d21b40d\" data-element_type=\"widget\" data-e-type=\"widget\" data-widget_type=\"text-editor.default\">\n\t\t\t\t<div class=\"elementor-widget-container\">\n\t\t\t\t\t\t\t\t\t<p>Proton VPN \u00e9 um servi\u00e7o concebido pelos mesmos criadores do conhecido provedor de e-mail privado, Proton Mail. Nesta an\u00e1lise do Proton VPN, voc\u00ea ver\u00e1 que este servi\u00e7o VPN tem um foco claro em <a href=\"https:\/\/protonvpn.com\/pt_br\/about\" target=\"_blank\" rel=\"noopener noreferrer nofollow\">prote\u00e7\u00e3o da privacidade<\/a>, como sua marca irm\u00e3.<\/p><p>As opera\u00e7\u00f5es da empresa na Su\u00ed\u00e7a refor\u00e7am seu compromisso com a prote\u00e7\u00e3o da privacidade dos usu\u00e1rios. Ela est\u00e1 fora das jurisdi\u00e7\u00f5es dos EUA e da UE, em um pa\u00eds com uma das legisla\u00e7\u00f5es mais favor\u00e1veis \u00e0 privacidade do mundo.<\/p><p>De acordo com seus fundadores, eles criaram o \u201cProton VPN para proteger melhor a privacidade do que uma VPN comum\u201d. A empresa \u00e9 uma esp\u00e9cie de canivete su\u00ed\u00e7o neste campo, com recursos consistentes no que diz respeito ao aspecto central do servi\u00e7o.<\/p><p>Esta an\u00e1lise do Proton VPN usa o plano de assinatura Plus como refer\u00eancia. Os planos mais baratos n\u00e3o incluem todos os recursos que a VPN da empresa tem a oferecer.<\/p>\t\t\t\t\t\t\t\t<\/div>\n\t\t\t\t<\/div>\n\t\t\t\t\t<\/div>\n\t\t<\/div>\n\t\t\t\t\t<\/div>\n\t\t<\/section>\n\t\t\t\t<\/div>","protected":false},"excerpt":{"rendered":"<p>Proton VPN is a service conceived by the same creators of the well-known private email provider, Proton Mail. In this Proton VPN review, you&#8217;ll see that this VPN service has a clear focus on privacy protection, just like its sister brand. The company&#8217;s operations in Switzerland reinforce its commitment to protecting users&#8217; privacy. It is [&hellip;]<\/p>","protected":false},"featured_media":5705,"template":"","meta":{"_acf_changed":false,"inline_featured_image":false},"product_brand":[],"product_cat":[22],"product_tag":[],"class_list":{"0":"post-403","1":"product","2":"type-product","3":"status-publish","4":"has-post-thumbnail","6":"product_cat-vpn-provider","8":"first","9":"instock","10":"sale","11":"featured","12":"shipping-taxable","13":"product-type-external"},"acf":{"users_ratings":4.2,"number_of_reviews":"28,763","suitable_for":"","grade_label":"Extraordinary!","recommended_for":"","monthly_visitors":"5,500,000","features_label":"Extraordinary!","features_percentage":"100:Extraordinary!","ease_of_use_label":"Extraordinary!","ease_of_use_percentage":"100:Extraordinary!","pricing_label":"Extraordinary!","pricing_percentage":"100:Extraordinary!","value_label":"Extraordinary!","value_percentage":"100:Extraordinary!"},"_links":{"self":[{"href":"https:\/\/www.vpnadept.com\/pt-br\/wp-json\/wp\/v2\/product\/403","targetHints":{"allow":["GET"]}}],"collection":[{"href":"https:\/\/www.vpnadept.com\/pt-br\/wp-json\/wp\/v2\/product"}],"about":[{"href":"https:\/\/www.vpnadept.com\/pt-br\/wp-json\/wp\/v2\/types\/product"}],"version-history":[{"count":1,"href":"https:\/\/www.vpnadept.com\/pt-br\/wp-json\/wp\/v2\/product\/403\/revisions"}],"predecessor-version":[{"id":7378,"href":"https:\/\/www.vpnadept.com\/pt-br\/wp-json\/wp\/v2\/product\/403\/revisions\/7378"}],"wp:featuredmedia":[{"embeddable":true,"href":"https:\/\/www.vpnadept.com\/pt-br\/wp-json\/wp\/v2\/media\/5705"}],"wp:attachment":[{"href":"https:\/\/www.vpnadept.com\/pt-br\/wp-json\/wp\/v2\/media?parent=403"}],"wp:term":[{"taxonomy":"product_brand","embeddable":true,"href":"https:\/\/www.vpnadept.com\/pt-br\/wp-json\/wp\/v2\/product_brand?post=403"},{"taxonomy":"product_cat","embeddable":true,"href":"https:\/\/www.vpnadept.com\/pt-br\/wp-json\/wp\/v2\/product_cat?post=403"},{"taxonomy":"product_tag","embeddable":true,"href":"https:\/\/www.vpnadept.com\/pt-br\/wp-json\/wp\/v2\/product_tag?post=403"}],"curies":[{"name":"wp","href":"https:\/\/api.w.org\/{rel}","templated":true}]}}