{"id":418,"date":"2020-11-02T16:32:36","date_gmt":"2020-11-02T21:32:36","guid":{"rendered":"https:\/\/www.vpnadept.com\/?post_type=product&#038;p=418"},"modified":"2025-02-14T16:32:19","modified_gmt":"2025-02-14T21:32:19","slug":"ipvanish","status":"publish","type":"product","link":"https:\/\/www.vpnadept.com\/pt-br\/analises\/ipvanish\/","title":{"rendered":"IPVanish"},"content":{"rendered":"<p>IPVanish \u00e9 um fornecedor popular de VPN, incorporado sob a jurisdi\u00e7\u00e3o dos Estados Unidos em 2012 pela Mudhook Marketing, parte do Highwinds Network Group. Ao longo dos anos, tornou-se uma empresa bem estabelecida, especialmente em seu pa\u00eds de origem. Recentemente, a empresa passou por duas mudan\u00e7as de propriedade. Desde 2019, a IPVanish pertence \u00e0 J2 Global <a id=\"fn1\" href=\"#ref1\">[1]<\/a>, uma empresa da Net Protection com duas outras VPNs, Encrypt.me e StrongVPN.<\/p>\n<p>Como um todo, o IPVanish \u00e9 <a href=\"https:\/\/www.vpnadept.com\/pt-br\/melhores-vpns\/\">um bom servi\u00e7o de VPN<\/a>. Ultimamente, ela tem feito esfor\u00e7os consider\u00e1veis para consolidar seu crescimento e sua posi\u00e7\u00e3o no mercado. Entretanto, al\u00e9m da qualidade do servi\u00e7o (discutida em mais detalhes nesta revis\u00e3o), a empresa deve superar um obst\u00e1culo corporativo substancial para restaurar sua reputa\u00e7\u00e3o de emparelhar com os l\u00edderes.<\/p>\n<p>Mesmo sendo um aspecto cr\u00edtico para as empresas de VPN, a confian\u00e7a \u00e9 dif\u00edcil de construir. E \u00e9 ainda mais dif\u00edcil de recuperar. Autodeclarada como uma VPN \"Zero-logs\", a empresa contradiz na pr\u00e1tica o que sempre representou (<a href=\"#disclosure\">mais detalhes<\/a>). O incidente ocorreu durante outra administra\u00e7\u00e3o antes da aquisi\u00e7\u00e3o da empresa. Desde ent\u00e3o, a diretoria atual tem se esfor\u00e7ado para demarcar uma nova era para a IPVanish.<\/p>","protected":false},"excerpt":{"rendered":"<p>IPVanish \u00e9 um fornecedor popular de VPN, incorporado sob a jurisdi\u00e7\u00e3o dos Estados Unidos em 2012 pela Mudhook Marketing, parte do Highwinds Network Group. Ao longo dos anos, tornou-se uma empresa bem estabelecida, especialmente em seu pa\u00eds de origem. Recentemente, a empresa passou por duas mudan\u00e7as de propriedade. Desde 2019, a IPVanish pertence \u00e0 J2 Global [1], uma rede [...]<\/p>","protected":false},"featured_media":499,"template":"","meta":{"_acf_changed":false,"inline_featured_image":false},"product_brand":[],"product_cat":[22],"product_tag":[],"class_list":{"0":"post-418","1":"product","2":"type-product","3":"status-publish","4":"has-post-thumbnail","6":"product_cat-vpn-provider","8":"first","9":"instock","10":"sale","11":"shipping-taxable","12":"product-type-external"},"acf":{"users_ratings":4.3,"number_of_reviews":"171,112","suitable_for":"","grade_label":"Extraordinary!","recommended_for":"","monthly_visitors":"1,900,000","features_label":"Extraordinary!","features_percentage":"100:Extraordinary!","ease_of_use_label":"Extraordinary!","ease_of_use_percentage":"100:Extraordinary!","pricing_label":"Extraordinary!","pricing_percentage":"100:Extraordinary!","value_label":"Extraordinary!","value_percentage":"100:Extraordinary!"},"_links":{"self":[{"href":"https:\/\/www.vpnadept.com\/pt-br\/wp-json\/wp\/v2\/product\/418","targetHints":{"allow":["GET"]}}],"collection":[{"href":"https:\/\/www.vpnadept.com\/pt-br\/wp-json\/wp\/v2\/product"}],"about":[{"href":"https:\/\/www.vpnadept.com\/pt-br\/wp-json\/wp\/v2\/types\/product"}],"version-history":[{"count":1,"href":"https:\/\/www.vpnadept.com\/pt-br\/wp-json\/wp\/v2\/product\/418\/revisions"}],"predecessor-version":[{"id":7380,"href":"https:\/\/www.vpnadept.com\/pt-br\/wp-json\/wp\/v2\/product\/418\/revisions\/7380"}],"wp:featuredmedia":[{"embeddable":true,"href":"https:\/\/www.vpnadept.com\/pt-br\/wp-json\/wp\/v2\/media\/499"}],"wp:attachment":[{"href":"https:\/\/www.vpnadept.com\/pt-br\/wp-json\/wp\/v2\/media?parent=418"}],"wp:term":[{"taxonomy":"product_brand","embeddable":true,"href":"https:\/\/www.vpnadept.com\/pt-br\/wp-json\/wp\/v2\/product_brand?post=418"},{"taxonomy":"product_cat","embeddable":true,"href":"https:\/\/www.vpnadept.com\/pt-br\/wp-json\/wp\/v2\/product_cat?post=418"},{"taxonomy":"product_tag","embeddable":true,"href":"https:\/\/www.vpnadept.com\/pt-br\/wp-json\/wp\/v2\/product_tag?post=418"}],"curies":[{"name":"wp","href":"https:\/\/api.w.org\/{rel}","templated":true}]}}